{"id":1441,"date":"2022-03-05T18:54:49","date_gmt":"2022-03-05T17:54:49","guid":{"rendered":"https:\/\/theweedstore.it\/?page_id=1441"},"modified":"2022-10-30T23:13:49","modified_gmt":"2022-10-30T22:13:49","slug":"trova-cannabis-legale-milano-vendi-qui-da-noi","status":"publish","type":"page","link":"https:\/\/negoziocbd.com\/?page_id=1441","title":{"rendered":"Vendi Qui da Noi"},"content":{"rendered":"<br \/>\n<h1>trova cannabis legale milano<\/h1>\n<p>trova cannabis legale milano<\/p>\n<p>        <span>Cannabis Light<\/span> Vendita \u00e8 la migliore in fatto di CBD in Italia. <span>Marijuana legale<\/span> in Italia con il contenuto di meno del 2% di THC. Trattiamo solo i migliori prodotti e derivati della <span>marijuana legale<\/span>.<br \/>\n        Benvenuti sul sito theweedstore.it il sito italiano di <span>vendita online Cannabis Light<\/span> comunemente conosciuta in Italia come <span>Erba legale<\/span> di <a href=\"https:\/\/theweedstore.it\/vendita-di-cannabis-light\/\" rel=\"noopener\" target=\"_blank\">CBD<\/a>. La nostra sperienza nella coltivazione e produzione della <span>canapa<\/span> data da oltre 15 anni ci ha permesso di creare questo nuovo brand italiano che d\u00e0 l\u2019opportunit\u00e0 ai piccoli prodotti di commercializzare i loro prodotti senza il grosso investimento che implica un ecommerce<br \/>\n        La <span>Cannabis<\/span> scelta dai nostri specialisti della Canapa proviene solo, da coltivazioni naturali e biologiche al 100%, siamo sempre alla ricerca di produttori di <span>Cannabis light<\/span> con il pi\u00f9 alto indice CBD oggi presente sul mercato.<\/p>\n<h2>trova cannabis legale milano<\/h2>\n<p>        La <span>Marijuana legale<\/span> ha centinaia di propriet\u00e0 che apportano beneficio per la salute incominciando dall\u2019aspetto psico-fisico, rilassa e distende i muscoli del corpo migliorando cosi contratture e dolori articolari.<br \/>\n        La <span>Canapa<\/span> Sativa aiuta a contrastare l&#8217;insonnia migliorando la qualit\u00e0 del sonno, riduce lo stress e l&#8217;ansia portando calma e serenit\u00e0 allo spirito, riduce i dolori e le infiammazioni.<br \/>\n        Se vuoi provare o solo sei curioso puoi scegliere tra i nostri prodotti con diverse variazioni di CBD.<br \/>\n        Resa legale con la Legge del 2 dicembre 2016 n.242 \u201cDisposizioni per la promozione della coltivazione e della filiera agroindustriale della canapa\u201d. La <span>Canapa Light<\/span> che trattiamo \u00e8 regolamentata dalla nuova Legge, quindi non supera lo 0.2% di THC. Moltissimi Shop on line di <span>Marijuana Legale<\/span> hanno aperto nel nostro Paese senza offrire ampia variet\u00e0 e qualit\u00e0 certificata. Siamo qui ad offrire i Nostri servizi e a promuovere le nostre conoscenze, non solo a vendere <span>Erba Legale<\/span> e <span>Canapa Light<\/span>.<\/p>\n<h3>Marijuana 100% light<\/h3>\n<p>        La <span>vendita erba online<\/span> sul nostro sito, punta ad offrirvi le migliori infiorescenze sul mercato con la pi\u00f9 grande variet\u00e0 possibile.<br \/>\n        Uno dei componenti pi\u00f9 importanti nella <span>canapa<\/span> indiana (Cannabis Sativa) \u00e8 il THC (tetraidrocannabinolo). Questa sostanza \u00e8 il principio attivo della Marijuana. Ci\u00f2 che provoca al Nostro sistema nervoso \u00e8 quello di rallentare i processi cognitivi.<br \/>\n        Il THC risulta essere il cannabinoide pi\u00f9 famoso presente nella <span>Cannabis<\/span>. A differenza della pura Marijuana, la <span>Cannabis Legale<\/span> o <span>Erba Legale<\/span> \u00e8 lavorata al punto che il principio attivo del THC \u00e8 presso ch\u00e8 nullo. La parziale o totale assenza del THC, ci permette di commercializzare la <span><a href=\"https:\/\/www.google.com\/search?q=theweedstore.it&#038;client\" rel=\"noopener\" target=\"_blank\">Marijuana Light in Italia<\/a><\/span> senza restrizioni. Al contrario, l\u2019endocannabinoide CBD nell\u2019Erba Legale, pu\u00f2 essere trovato anche in alte percentuali.<br \/>\n<img decoding=\"async\" data-src=\"https:\/\/theweedstore.it\/wp-content\/uploads\/2022\/06\/kiwi.jpg\" alt=\"trova cannabis legale milano\" src=\"data:image\/svg+xml;base64,PHN2ZyB3aWR0aD0iMSIgaGVpZ2h0PSIxIiB4bWxucz0iaHR0cDovL3d3dy53My5vcmcvMjAwMC9zdmciPjwvc3ZnPg==\" class=\"lazyload\" \/><\/p>\n","protected":false},"excerpt":{"rendered":"<p>trova cannabis legale milano trova cannabis legale milano Cannabis Light Vendita \u00e8 la migliore in fatto di CBD in Italia. Marijuana legale in Italia con il<span class=\"excerpt-hellip\"> [\u2026]<\/span><\/p>\n","protected":false},"author":1,"featured_media":0,"parent":0,"menu_order":18,"comment_status":"closed","ping_status":"closed","template":"","meta":{"content-type":"","footnotes":""},"class_list":["post-1441","page","type-page","status-publish","hentry"],"yoast_head":"\n<title>trova cannabis legale milano - semi di cannabis - theWeedStore.it<\/title>\n<meta name=\"description\" content=\"trova cannabis legale milano con THC, il principio attivo, non superiore allo 0,2% come da legge \u2013 sta conquistando il mercato.\" \/>\n<meta name=\"robots\" content=\"index, follow, max-snippet:-1, max-image-preview:large, max-video-preview:-1\" \/>\n<link rel=\"canonical\" href=\"https:\/\/negoziocbd.com\/?page_id=1441\" \/>\n<meta property=\"og:locale\" content=\"it_IT\" \/>\n<meta property=\"og:type\" content=\"article\" \/>\n<meta property=\"og:title\" content=\"theWeedStore i migliori cannabis legale shop in Italy\" \/>\n<meta property=\"og:description\" content=\"Condividi le migliori variet\u00e0 Infiorescenze di alta qualit\u00e0. Cannabis 100% Legale, dal profumo e dal gusto intenso e aromatico. acquista ora da theWeedStore.it\" \/>\n<meta property=\"og:url\" content=\"https:\/\/negoziocbd.com\/?page_id=1441\" \/>\n<meta property=\"og:site_name\" content=\"NegozioCBD - TheWeedStore\" \/>\n<meta property=\"article:modified_time\" content=\"2022-10-30T22:13:49+00:00\" \/>\n<meta property=\"og:image\" content=\"https:\/\/negoziocbd.com\/wp-content\/uploads\/2022\/09\/the-weed-store-social.jpg\" \/>\n\t<meta property=\"og:image:width\" content=\"800\" \/>\n\t<meta property=\"og:image:height\" content=\"620\" \/>\n\t<meta property=\"og:image:type\" content=\"image\/jpeg\" \/>\n<meta name=\"twitter:card\" content=\"summary_large_image\" \/>\n<meta name=\"twitter:title\" content=\"theWeedStore i migliori cannabis legale shop in Italy\" \/>\n<meta name=\"twitter:description\" content=\"Condividi le migliori variet\u00e0 Infiorescenze di alta qualit\u00e0. Cannabis 100% Legale, dal profumo e dal gusto intenso e aromatico. acquista ora da theWeedStore.it\" \/>\n<meta name=\"twitter:image\" content=\"https:\/\/negoziocbd.com\/wp-content\/uploads\/2022\/09\/the-weed-store-social.jpg\" \/>\n<meta name=\"twitter:site\" content=\"@Theweedstoreit\" \/>\n<meta name=\"twitter:label1\" content=\"Tempo di lettura stimato\" \/>\n\t<meta name=\"twitter:data1\" content=\"3 minuti\" \/>\n<script type=\"application\/ld+json\" class=\"yoast-schema-graph\">{\"@context\":\"https:\\\/\\\/schema.org\",\"@graph\":[{\"@type\":[\"WebPage\",\"AboutPage\"],\"@id\":\"https:\\\/\\\/negoziocbd.com\\\/?page_id=1441\",\"url\":\"https:\\\/\\\/negoziocbd.com\\\/?page_id=1441\",\"name\":\"trova cannabis legale milano - semi di cannabis - theWeedStore.it\",\"isPartOf\":{\"@id\":\"https:\\\/\\\/negoziocbd.com\\\/#website\"},\"primaryImageOfPage\":{\"@id\":\"https:\\\/\\\/negoziocbd.com\\\/?page_id=1441#primaryimage\"},\"image\":{\"@id\":\"https:\\\/\\\/negoziocbd.com\\\/?page_id=1441#primaryimage\"},\"thumbnailUrl\":\"https:\\\/\\\/theweedstore.it\\\/wp-content\\\/uploads\\\/2022\\\/06\\\/kiwi.jpg\",\"datePublished\":\"2022-03-05T17:54:49+00:00\",\"dateModified\":\"2022-10-30T22:13:49+00:00\",\"description\":\"trova cannabis legale milano con THC, il principio attivo, non superiore allo 0,2% come da legge \u2013 sta conquistando il mercato.\",\"breadcrumb\":{\"@id\":\"https:\\\/\\\/negoziocbd.com\\\/?page_id=1441#breadcrumb\"},\"inLanguage\":\"it-IT\",\"potentialAction\":[{\"@type\":\"ReadAction\",\"target\":[\"https:\\\/\\\/negoziocbd.com\\\/?page_id=1441\"]}]},{\"@type\":\"ImageObject\",\"inLanguage\":\"it-IT\",\"@id\":\"https:\\\/\\\/negoziocbd.com\\\/?page_id=1441#primaryimage\",\"url\":\"https:\\\/\\\/theweedstore.it\\\/wp-content\\\/uploads\\\/2022\\\/06\\\/kiwi.jpg\",\"contentUrl\":\"https:\\\/\\\/theweedstore.it\\\/wp-content\\\/uploads\\\/2022\\\/06\\\/kiwi.jpg\"},{\"@type\":\"BreadcrumbList\",\"@id\":\"https:\\\/\\\/negoziocbd.com\\\/?page_id=1441#breadcrumb\",\"itemListElement\":[{\"@type\":\"ListItem\",\"position\":1,\"name\":\"Home\",\"item\":\"https:\\\/\\\/negoziocbd.com\\\/\"},{\"@type\":\"ListItem\",\"position\":2,\"name\":\"Vendi Qui da Noi\"}]},{\"@type\":\"WebSite\",\"@id\":\"https:\\\/\\\/negoziocbd.com\\\/#website\",\"url\":\"https:\\\/\\\/negoziocbd.com\\\/\",\"name\":\"NegozioCBD - TheWeedStore\",\"description\":\"La Pi&ugrave; Grande Variet&agrave; di Canapa CBD in Italia\",\"publisher\":{\"@id\":\"https:\\\/\\\/negoziocbd.com\\\/#organization\"},\"potentialAction\":[{\"@type\":\"SearchAction\",\"target\":{\"@type\":\"EntryPoint\",\"urlTemplate\":\"https:\\\/\\\/negoziocbd.com\\\/?s={search_term_string}\"},\"query-input\":{\"@type\":\"PropertyValueSpecification\",\"valueRequired\":true,\"valueName\":\"search_term_string\"}}],\"inLanguage\":\"it-IT\"},{\"@type\":\"Organization\",\"@id\":\"https:\\\/\\\/negoziocbd.com\\\/#organization\",\"name\":\"The Weed Store .it\",\"url\":\"https:\\\/\\\/negoziocbd.com\\\/\",\"logo\":{\"@type\":\"ImageObject\",\"inLanguage\":\"it-IT\",\"@id\":\"https:\\\/\\\/negoziocbd.com\\\/#\\\/schema\\\/logo\\\/image\\\/\",\"url\":\"https:\\\/\\\/negoziocbd.com\\\/wp-content\\\/uploads\\\/2022\\\/03\\\/Logo-MyWeedStorex2-1.png\",\"contentUrl\":\"https:\\\/\\\/negoziocbd.com\\\/wp-content\\\/uploads\\\/2022\\\/03\\\/Logo-MyWeedStorex2-1.png\",\"width\":200,\"height\":100,\"caption\":\"The Weed Store .it\"},\"image\":{\"@id\":\"https:\\\/\\\/negoziocbd.com\\\/#\\\/schema\\\/logo\\\/image\\\/\"},\"sameAs\":[\"https:\\\/\\\/x.com\\\/Theweedstoreit\",\"https:\\\/\\\/www.linkedin.com\\\/in\\\/team-theweedstore-497732255\\\/\"]}]}<\/script>\n","yoast_head_json":{"title":"trova cannabis legale milano - semi di cannabis - theWeedStore.it","description":"trova cannabis legale milano con THC, il principio attivo, non superiore allo 0,2% come da legge \u2013 sta conquistando il mercato.","robots":{"index":"index","follow":"follow","max-snippet":"max-snippet:-1","max-image-preview":"max-image-preview:large","max-video-preview":"max-video-preview:-1"},"canonical":"https:\/\/negoziocbd.com\/?page_id=1441","og_locale":"it_IT","og_type":"article","og_title":"theWeedStore i migliori cannabis legale shop in Italy","og_description":"Condividi le migliori variet\u00e0 Infiorescenze di alta qualit\u00e0. Cannabis 100% Legale, dal profumo e dal gusto intenso e aromatico. acquista ora da theWeedStore.it","og_url":"https:\/\/negoziocbd.com\/?page_id=1441","og_site_name":"NegozioCBD - TheWeedStore","article_modified_time":"2022-10-30T22:13:49+00:00","og_image":[{"width":800,"height":620,"url":"https:\/\/negoziocbd.com\/wp-content\/uploads\/2022\/09\/the-weed-store-social.jpg","type":"image\/jpeg"}],"twitter_card":"summary_large_image","twitter_title":"theWeedStore i migliori cannabis legale shop in Italy","twitter_description":"Condividi le migliori variet\u00e0 Infiorescenze di alta qualit\u00e0. Cannabis 100% Legale, dal profumo e dal gusto intenso e aromatico. acquista ora da theWeedStore.it","twitter_image":"https:\/\/negoziocbd.com\/wp-content\/uploads\/2022\/09\/the-weed-store-social.jpg","twitter_site":"@Theweedstoreit","twitter_misc":{"Tempo di lettura stimato":"3 minuti"},"schema":{"@context":"https:\/\/schema.org","@graph":[{"@type":["WebPage","AboutPage"],"@id":"https:\/\/negoziocbd.com\/?page_id=1441","url":"https:\/\/negoziocbd.com\/?page_id=1441","name":"trova cannabis legale milano - semi di cannabis - theWeedStore.it","isPartOf":{"@id":"https:\/\/negoziocbd.com\/#website"},"primaryImageOfPage":{"@id":"https:\/\/negoziocbd.com\/?page_id=1441#primaryimage"},"image":{"@id":"https:\/\/negoziocbd.com\/?page_id=1441#primaryimage"},"thumbnailUrl":"https:\/\/theweedstore.it\/wp-content\/uploads\/2022\/06\/kiwi.jpg","datePublished":"2022-03-05T17:54:49+00:00","dateModified":"2022-10-30T22:13:49+00:00","description":"trova cannabis legale milano con THC, il principio attivo, non superiore allo 0,2% come da legge \u2013 sta conquistando il mercato.","breadcrumb":{"@id":"https:\/\/negoziocbd.com\/?page_id=1441#breadcrumb"},"inLanguage":"it-IT","potentialAction":[{"@type":"ReadAction","target":["https:\/\/negoziocbd.com\/?page_id=1441"]}]},{"@type":"ImageObject","inLanguage":"it-IT","@id":"https:\/\/negoziocbd.com\/?page_id=1441#primaryimage","url":"https:\/\/theweedstore.it\/wp-content\/uploads\/2022\/06\/kiwi.jpg","contentUrl":"https:\/\/theweedstore.it\/wp-content\/uploads\/2022\/06\/kiwi.jpg"},{"@type":"BreadcrumbList","@id":"https:\/\/negoziocbd.com\/?page_id=1441#breadcrumb","itemListElement":[{"@type":"ListItem","position":1,"name":"Home","item":"https:\/\/negoziocbd.com\/"},{"@type":"ListItem","position":2,"name":"Vendi Qui da Noi"}]},{"@type":"WebSite","@id":"https:\/\/negoziocbd.com\/#website","url":"https:\/\/negoziocbd.com\/","name":"NegozioCBD - TheWeedStore","description":"La Pi&ugrave; Grande Variet&agrave; di Canapa CBD in Italia","publisher":{"@id":"https:\/\/negoziocbd.com\/#organization"},"potentialAction":[{"@type":"SearchAction","target":{"@type":"EntryPoint","urlTemplate":"https:\/\/negoziocbd.com\/?s={search_term_string}"},"query-input":{"@type":"PropertyValueSpecification","valueRequired":true,"valueName":"search_term_string"}}],"inLanguage":"it-IT"},{"@type":"Organization","@id":"https:\/\/negoziocbd.com\/#organization","name":"The Weed Store .it","url":"https:\/\/negoziocbd.com\/","logo":{"@type":"ImageObject","inLanguage":"it-IT","@id":"https:\/\/negoziocbd.com\/#\/schema\/logo\/image\/","url":"https:\/\/negoziocbd.com\/wp-content\/uploads\/2022\/03\/Logo-MyWeedStorex2-1.png","contentUrl":"https:\/\/negoziocbd.com\/wp-content\/uploads\/2022\/03\/Logo-MyWeedStorex2-1.png","width":200,"height":100,"caption":"The Weed Store .it"},"image":{"@id":"https:\/\/negoziocbd.com\/#\/schema\/logo\/image\/"},"sameAs":["https:\/\/x.com\/Theweedstoreit","https:\/\/www.linkedin.com\/in\/team-theweedstore-497732255\/"]}]}},"_links":{"self":[{"href":"https:\/\/negoziocbd.com\/index.php?rest_route=\/wp\/v2\/pages\/1441","targetHints":{"allow":["GET"]}}],"collection":[{"href":"https:\/\/negoziocbd.com\/index.php?rest_route=\/wp\/v2\/pages"}],"about":[{"href":"https:\/\/negoziocbd.com\/index.php?rest_route=\/wp\/v2\/types\/page"}],"author":[{"embeddable":true,"href":"https:\/\/negoziocbd.com\/index.php?rest_route=\/wp\/v2\/users\/1"}],"replies":[{"embeddable":true,"href":"https:\/\/negoziocbd.com\/index.php?rest_route=%2Fwp%2Fv2%2Fcomments&post=1441"}],"version-history":[{"count":5,"href":"https:\/\/negoziocbd.com\/index.php?rest_route=\/wp\/v2\/pages\/1441\/revisions"}],"predecessor-version":[{"id":1725,"href":"https:\/\/negoziocbd.com\/index.php?rest_route=\/wp\/v2\/pages\/1441\/revisions\/1725"}],"wp:attachment":[{"href":"https:\/\/negoziocbd.com\/index.php?rest_route=%2Fwp%2Fv2%2Fmedia&parent=1441"}],"curies":[{"name":"wp","href":"https:\/\/api.w.org\/{rel}","templated":true}]}}