{"id":1600,"date":"2022-08-11T16:49:31","date_gmt":"2022-08-11T14:49:31","guid":{"rendered":"https:\/\/theweedstore.it\/?post_type=product&#038;p=1600"},"modified":"2022-11-07T20:32:24","modified_gmt":"2022-11-07T19:32:24","slug":"olive-oil-cbd","status":"publish","type":"product","link":"https:\/\/negoziocbd.com\/?product=olive-oil-cbd","title":{"rendered":"Olive Oil CBD"},"content":{"rendered":"<p>Olive Oil CBD<\/p>\n<p>OLIO CBD CON OLIO DI OLIVA<\/p>\n<p>CARATTERISTICHE<\/p>\n<p>Olive Oil CBD, con Olio d\u2019Oliva \u00e8 un prodotto non psicoattivo ed \u00e8 uno dei derivati pi\u00f9 potenti disponibili oggi sul mercato europeo, tra quelli che non impiegano cristalli di CBD.<\/p>\n<p>L\u2019olio aromatico al CBD si ottiene tramite un processo al CO2, che conserva quanti pi\u00f9 cannabinoidi possibili ed elimina la parte vegetale superflua.<\/p>\n<p>Nei oli non sono presenti conservanti artificiali, per questo consigliamo di tenere ben chiusa la pratica confezione con contagocce, e di conservare il prodotto in ambienti freschi, al riparo dalla luce, lontano dalla portata dei bambini.<\/p>\n<p>Per un prodotto dalla formulazione ancora pi\u00f9 completa, consigliamo il nuovo <a href=\"https:\/\/theweedstore.it\/vendita-di-cbd-legale-olio-cbd\/\" rel=\"noopener\" target=\"_blank\">Olio Aromatico al CBD<\/a> con Olio di Canapa, naturalmente ricco di omega 3, 6 e 9, antiossidanti, vitamine e minerali, disponibile in diverse concentrazioni al pari di quello in Olio di Oliva.<\/p>\n<p>Prodotto disponibile in diverse concentrazioni. <a href=\"https:\/\/www.google.com\/search?q=theweedstore.it&#038;client\" rel=\"noopener\" target=\"_blank\">theweedstore.it<\/a><\/p>\n","protected":false},"excerpt":{"rendered":"<p>OLIO CBD CON OLIO DI OLIVA<\/p>\n<p>L\u2019Olio Aromatico di CBD con Olio d\u2019Oliva \u00e8 un prodotto non psicoattivo ed \u00e8 uno dei derivati pi\u00f9 potenti disponibili oggi sul mercato europeo, tra quelli che non impiegano cristalli di CBD.<br \/>\nL\u2019olio aromatico al CBD si ottiene tramite un processo al CO2, che conserva quanti pi\u00f9 cannabinoidi possibili ed elimina la parte vegetale superflua.<\/p>\n","protected":false},"featured_media":1610,"comment_status":"open","ping_status":"closed","template":"","meta":{"content-type":""},"product_brand":[],"product_cat":[36,22],"product_tag":[50,49,37,48],"class_list":{"0":"post-1600","1":"product","2":"type-product","3":"status-publish","4":"has-post-thumbnail","6":"product_cat-cbweed","7":"product_cat-olio-cbd","8":"product_tag-aceite-de-cbd","9":"product_tag-cbd-oil","10":"product_tag-cbweed","11":"product_tag-oilo-cbd","13":"first","14":"instock","15":"taxable","16":"shipping-taxable","17":"purchasable","18":"product-type-variable"},"yoast_head":"\n<title>Olive Oil CBD - Oil CBD legale Italia - NegozioCBD - TheWeedStore<\/title>\n<meta name=\"description\" content=\"Olive Oil CBD, con Olio d\u2019Oliva \u00e8 un prodotto non psicoattivo ed \u00e8 uno dei derivati pi\u00f9 potenti disponibili oggi sul mercato europeo.\" \/>\n<meta name=\"robots\" content=\"index, follow, max-snippet:-1, max-image-preview:large, max-video-preview:-1\" \/>\n<link rel=\"canonical\" href=\"https:\/\/negoziocbd.com\/?product=olive-oil-cbd\" \/>\n<meta property=\"og:locale\" content=\"it_IT\" \/>\n<meta property=\"og:type\" content=\"article\" \/>\n<meta property=\"og:title\" content=\"theWeedStore i migliori cannabis legale shop in Italy\" \/>\n<meta property=\"og:description\" content=\"Condividi le migliori variet\u00e0 Infiorescenze di alta qualit\u00e0. Cannabis 100% Legale, dal profumo e dal gusto intenso e aromatico. acquista ora da theWeedStore.it\" \/>\n<meta property=\"og:url\" content=\"https:\/\/negoziocbd.com\/?product=olive-oil-cbd\" \/>\n<meta property=\"og:site_name\" content=\"NegozioCBD - TheWeedStore\" \/>\n<meta property=\"article:modified_time\" content=\"2022-11-07T19:32:24+00:00\" \/>\n<meta property=\"og:image\" content=\"https:\/\/negoziocbd.com\/wp-content\/uploads\/2022\/09\/the-weed-store-social.jpg\" \/>\n\t<meta property=\"og:image:width\" content=\"800\" \/>\n\t<meta property=\"og:image:height\" content=\"620\" \/>\n\t<meta property=\"og:image:type\" content=\"image\/jpeg\" \/>\n<meta name=\"twitter:card\" content=\"summary_large_image\" \/>\n<meta name=\"twitter:title\" content=\"theWeedStore i migliori cannabis legale shop in Italy\" \/>\n<meta name=\"twitter:description\" content=\"Condividi le migliori variet\u00e0 Infiorescenze di alta qualit\u00e0. Cannabis 100% Legale, dal profumo e dal gusto intenso e aromatico. acquista ora da theWeedStore.it\" \/>\n<meta name=\"twitter:image\" content=\"https:\/\/negoziocbd.com\/wp-content\/uploads\/2022\/09\/the-weed-store-social.jpg\" \/>\n<meta name=\"twitter:site\" content=\"@Theweedstoreit\" \/>\n<meta name=\"twitter:label1\" content=\"Tempo di lettura stimato\" \/>\n\t<meta name=\"twitter:data1\" content=\"1 minuto\" \/>\n<script type=\"application\/ld+json\" class=\"yoast-schema-graph\">{\"@context\":\"https:\\\/\\\/schema.org\",\"@graph\":[{\"@type\":[\"WebPage\",\"ItemPage\"],\"@id\":\"https:\\\/\\\/negoziocbd.com\\\/?product=olive-oil-cbd\",\"url\":\"https:\\\/\\\/negoziocbd.com\\\/?product=olive-oil-cbd\",\"name\":\"Olive Oil CBD - Oil CBD legale Italia - NegozioCBD - TheWeedStore\",\"isPartOf\":{\"@id\":\"https:\\\/\\\/negoziocbd.com\\\/#website\"},\"primaryImageOfPage\":{\"@id\":\"https:\\\/\\\/negoziocbd.com\\\/?product=olive-oil-cbd#primaryimage\"},\"image\":{\"@id\":\"https:\\\/\\\/negoziocbd.com\\\/?product=olive-oil-cbd#primaryimage\"},\"thumbnailUrl\":\"https:\\\/\\\/negoziocbd.com\\\/wp-content\\\/uploads\\\/2022\\\/08\\\/low_CBW-CBD-olio-oliva-25.jpg\",\"datePublished\":\"2022-08-11T14:49:31+00:00\",\"dateModified\":\"2022-11-07T19:32:24+00:00\",\"description\":\"Olive Oil CBD, con Olio d\u2019Oliva \u00e8 un prodotto non psicoattivo ed \u00e8 uno dei derivati pi\u00f9 potenti disponibili oggi sul mercato europeo.\",\"breadcrumb\":{\"@id\":\"https:\\\/\\\/negoziocbd.com\\\/?product=olive-oil-cbd#breadcrumb\"},\"inLanguage\":\"it-IT\",\"potentialAction\":[{\"@type\":\"ReadAction\",\"target\":[\"https:\\\/\\\/negoziocbd.com\\\/?product=olive-oil-cbd\"]}]},{\"@type\":\"ImageObject\",\"inLanguage\":\"it-IT\",\"@id\":\"https:\\\/\\\/negoziocbd.com\\\/?product=olive-oil-cbd#primaryimage\",\"url\":\"https:\\\/\\\/negoziocbd.com\\\/wp-content\\\/uploads\\\/2022\\\/08\\\/low_CBW-CBD-olio-oliva-25.jpg\",\"contentUrl\":\"https:\\\/\\\/negoziocbd.com\\\/wp-content\\\/uploads\\\/2022\\\/08\\\/low_CBW-CBD-olio-oliva-25.jpg\",\"width\":1500,\"height\":1500,\"caption\":\"Aquista Olive Oil CBD\"},{\"@type\":\"BreadcrumbList\",\"@id\":\"https:\\\/\\\/negoziocbd.com\\\/?product=olive-oil-cbd#breadcrumb\",\"itemListElement\":[{\"@type\":\"ListItem\",\"position\":1,\"name\":\"Home\",\"item\":\"https:\\\/\\\/negoziocbd.com\\\/\"},{\"@type\":\"ListItem\",\"position\":2,\"name\":\"Negozio\",\"item\":\"https:\\\/\\\/negoziocbd.com\\\/?page_id=1428\"},{\"@type\":\"ListItem\",\"position\":3,\"name\":\"Olive Oil CBD\"}]},{\"@type\":\"WebSite\",\"@id\":\"https:\\\/\\\/negoziocbd.com\\\/#website\",\"url\":\"https:\\\/\\\/negoziocbd.com\\\/\",\"name\":\"NegozioCBD - TheWeedStore\",\"description\":\"La Pi&ugrave; Grande Variet&agrave; di Canapa CBD in Italia\",\"publisher\":{\"@id\":\"https:\\\/\\\/negoziocbd.com\\\/#organization\"},\"potentialAction\":[{\"@type\":\"SearchAction\",\"target\":{\"@type\":\"EntryPoint\",\"urlTemplate\":\"https:\\\/\\\/negoziocbd.com\\\/?s={search_term_string}\"},\"query-input\":{\"@type\":\"PropertyValueSpecification\",\"valueRequired\":true,\"valueName\":\"search_term_string\"}}],\"inLanguage\":\"it-IT\"},{\"@type\":\"Organization\",\"@id\":\"https:\\\/\\\/negoziocbd.com\\\/#organization\",\"name\":\"The Weed Store .it\",\"url\":\"https:\\\/\\\/negoziocbd.com\\\/\",\"logo\":{\"@type\":\"ImageObject\",\"inLanguage\":\"it-IT\",\"@id\":\"https:\\\/\\\/negoziocbd.com\\\/#\\\/schema\\\/logo\\\/image\\\/\",\"url\":\"https:\\\/\\\/negoziocbd.com\\\/wp-content\\\/uploads\\\/2022\\\/03\\\/Logo-MyWeedStorex2-1.png\",\"contentUrl\":\"https:\\\/\\\/negoziocbd.com\\\/wp-content\\\/uploads\\\/2022\\\/03\\\/Logo-MyWeedStorex2-1.png\",\"width\":200,\"height\":100,\"caption\":\"The Weed Store .it\"},\"image\":{\"@id\":\"https:\\\/\\\/negoziocbd.com\\\/#\\\/schema\\\/logo\\\/image\\\/\"},\"sameAs\":[\"https:\\\/\\\/x.com\\\/Theweedstoreit\",\"https:\\\/\\\/www.linkedin.com\\\/in\\\/team-theweedstore-497732255\\\/\"]}]}<\/script>\n","yoast_head_json":{"title":"Olive Oil CBD - Oil CBD legale Italia - NegozioCBD - TheWeedStore","description":"Olive Oil CBD, con Olio d\u2019Oliva \u00e8 un prodotto non psicoattivo ed \u00e8 uno dei derivati pi\u00f9 potenti disponibili oggi sul mercato europeo.","robots":{"index":"index","follow":"follow","max-snippet":"max-snippet:-1","max-image-preview":"max-image-preview:large","max-video-preview":"max-video-preview:-1"},"canonical":"https:\/\/negoziocbd.com\/?product=olive-oil-cbd","og_locale":"it_IT","og_type":"article","og_title":"theWeedStore i migliori cannabis legale shop in Italy","og_description":"Condividi le migliori variet\u00e0 Infiorescenze di alta qualit\u00e0. Cannabis 100% Legale, dal profumo e dal gusto intenso e aromatico. acquista ora da theWeedStore.it","og_url":"https:\/\/negoziocbd.com\/?product=olive-oil-cbd","og_site_name":"NegozioCBD - TheWeedStore","article_modified_time":"2022-11-07T19:32:24+00:00","og_image":[{"width":800,"height":620,"url":"https:\/\/negoziocbd.com\/wp-content\/uploads\/2022\/09\/the-weed-store-social.jpg","type":"image\/jpeg"}],"twitter_card":"summary_large_image","twitter_title":"theWeedStore i migliori cannabis legale shop in Italy","twitter_description":"Condividi le migliori variet\u00e0 Infiorescenze di alta qualit\u00e0. Cannabis 100% Legale, dal profumo e dal gusto intenso e aromatico. acquista ora da theWeedStore.it","twitter_image":"https:\/\/negoziocbd.com\/wp-content\/uploads\/2022\/09\/the-weed-store-social.jpg","twitter_site":"@Theweedstoreit","twitter_misc":{"Tempo di lettura stimato":"1 minuto"},"schema":{"@context":"https:\/\/schema.org","@graph":[{"@type":["WebPage","ItemPage"],"@id":"https:\/\/negoziocbd.com\/?product=olive-oil-cbd","url":"https:\/\/negoziocbd.com\/?product=olive-oil-cbd","name":"Olive Oil CBD - Oil CBD legale Italia - NegozioCBD - TheWeedStore","isPartOf":{"@id":"https:\/\/negoziocbd.com\/#website"},"primaryImageOfPage":{"@id":"https:\/\/negoziocbd.com\/?product=olive-oil-cbd#primaryimage"},"image":{"@id":"https:\/\/negoziocbd.com\/?product=olive-oil-cbd#primaryimage"},"thumbnailUrl":"https:\/\/negoziocbd.com\/wp-content\/uploads\/2022\/08\/low_CBW-CBD-olio-oliva-25.jpg","datePublished":"2022-08-11T14:49:31+00:00","dateModified":"2022-11-07T19:32:24+00:00","description":"Olive Oil CBD, con Olio d\u2019Oliva \u00e8 un prodotto non psicoattivo ed \u00e8 uno dei derivati pi\u00f9 potenti disponibili oggi sul mercato europeo.","breadcrumb":{"@id":"https:\/\/negoziocbd.com\/?product=olive-oil-cbd#breadcrumb"},"inLanguage":"it-IT","potentialAction":[{"@type":"ReadAction","target":["https:\/\/negoziocbd.com\/?product=olive-oil-cbd"]}]},{"@type":"ImageObject","inLanguage":"it-IT","@id":"https:\/\/negoziocbd.com\/?product=olive-oil-cbd#primaryimage","url":"https:\/\/negoziocbd.com\/wp-content\/uploads\/2022\/08\/low_CBW-CBD-olio-oliva-25.jpg","contentUrl":"https:\/\/negoziocbd.com\/wp-content\/uploads\/2022\/08\/low_CBW-CBD-olio-oliva-25.jpg","width":1500,"height":1500,"caption":"Aquista Olive Oil CBD"},{"@type":"BreadcrumbList","@id":"https:\/\/negoziocbd.com\/?product=olive-oil-cbd#breadcrumb","itemListElement":[{"@type":"ListItem","position":1,"name":"Home","item":"https:\/\/negoziocbd.com\/"},{"@type":"ListItem","position":2,"name":"Negozio","item":"https:\/\/negoziocbd.com\/?page_id=1428"},{"@type":"ListItem","position":3,"name":"Olive Oil CBD"}]},{"@type":"WebSite","@id":"https:\/\/negoziocbd.com\/#website","url":"https:\/\/negoziocbd.com\/","name":"NegozioCBD - TheWeedStore","description":"La Pi&ugrave; Grande Variet&agrave; di Canapa CBD in Italia","publisher":{"@id":"https:\/\/negoziocbd.com\/#organization"},"potentialAction":[{"@type":"SearchAction","target":{"@type":"EntryPoint","urlTemplate":"https:\/\/negoziocbd.com\/?s={search_term_string}"},"query-input":{"@type":"PropertyValueSpecification","valueRequired":true,"valueName":"search_term_string"}}],"inLanguage":"it-IT"},{"@type":"Organization","@id":"https:\/\/negoziocbd.com\/#organization","name":"The Weed Store .it","url":"https:\/\/negoziocbd.com\/","logo":{"@type":"ImageObject","inLanguage":"it-IT","@id":"https:\/\/negoziocbd.com\/#\/schema\/logo\/image\/","url":"https:\/\/negoziocbd.com\/wp-content\/uploads\/2022\/03\/Logo-MyWeedStorex2-1.png","contentUrl":"https:\/\/negoziocbd.com\/wp-content\/uploads\/2022\/03\/Logo-MyWeedStorex2-1.png","width":200,"height":100,"caption":"The Weed Store .it"},"image":{"@id":"https:\/\/negoziocbd.com\/#\/schema\/logo\/image\/"},"sameAs":["https:\/\/x.com\/Theweedstoreit","https:\/\/www.linkedin.com\/in\/team-theweedstore-497732255\/"]}]}},"_links":{"self":[{"href":"https:\/\/negoziocbd.com\/index.php?rest_route=\/wp\/v2\/product\/1600","targetHints":{"allow":["GET"]}}],"collection":[{"href":"https:\/\/negoziocbd.com\/index.php?rest_route=\/wp\/v2\/product"}],"about":[{"href":"https:\/\/negoziocbd.com\/index.php?rest_route=\/wp\/v2\/types\/product"}],"replies":[{"embeddable":true,"href":"https:\/\/negoziocbd.com\/index.php?rest_route=%2Fwp%2Fv2%2Fcomments&post=1600"}],"wp:featuredmedia":[{"embeddable":true,"href":"https:\/\/negoziocbd.com\/index.php?rest_route=\/wp\/v2\/media\/1610"}],"wp:attachment":[{"href":"https:\/\/negoziocbd.com\/index.php?rest_route=%2Fwp%2Fv2%2Fmedia&parent=1600"}],"wp:term":[{"taxonomy":"product_brand","embeddable":true,"href":"https:\/\/negoziocbd.com\/index.php?rest_route=%2Fwp%2Fv2%2Fproduct_brand&post=1600"},{"taxonomy":"product_cat","embeddable":true,"href":"https:\/\/negoziocbd.com\/index.php?rest_route=%2Fwp%2Fv2%2Fproduct_cat&post=1600"},{"taxonomy":"product_tag","embeddable":true,"href":"https:\/\/negoziocbd.com\/index.php?rest_route=%2Fwp%2Fv2%2Fproduct_tag&post=1600"}],"curies":[{"name":"wp","href":"https:\/\/api.w.org\/{rel}","templated":true}]}}