{"id":1622,"date":"2022-08-11T18:16:18","date_gmt":"2022-08-11T16:16:18","guid":{"rendered":"https:\/\/theweedstore.it\/?post_type=product&#038;p=1622"},"modified":"2022-11-07T20:22:54","modified_gmt":"2022-11-07T19:22:54","slug":"cbg-oil","status":"publish","type":"product","link":"https:\/\/negoziocbd.com\/?product=cbg-oil","title":{"rendered":"CBG OIL"},"content":{"rendered":"<p>CBG Oil, OLIO MCT<\/p>\n<p>La nostra linea di <a href=\"https:\/\/theweedstore.it\/vendita-di-cbd-legale-olio-cbd\/\" rel=\"noopener\" target=\"_blank\">Oli aromatici al CBD<\/a> \u00e8 pensata per rispondere alle esigenze di tutti i consumatori, per questo oltre a diverse concentrazioni del prezioso cannabinoide, sono disponibili miscele differenti con altri estratti dalle propriet\u00e0 benefiche particolari.<\/p>\n<p>\u00c8 noto che i cannabinoidi sono soggetti all\u2019effetto entourage: la combinazione di due o pi\u00f9 di essi porta alla loro armonizzazione e ne deriva un aumento degli effetti.<\/p>\n<p>Il CBG Oil unisce le virt\u00f9 del CBD, presente con concentrazione al 2,5%, a quelle di un cannabinoide meno noto ma non per questo meno ricco di principi attivi utili al nostro organismo: il CBG. <a href=\"https:\/\/www.google.com\/search?q=theweedstore.it&#038;client\" rel=\"noopener\" target=\"_blank\">theweedstore.it<\/a><\/p>\n","protected":false},"excerpt":{"rendered":"<p>OLIO AL CBG OLIO MCT<\/p>\n<p>La nostra linea di Oli aromatici al CBD \u00e8 pensata per rispondere alle esigenze di tutti i consumatori, per questo oltre a diverse concentrazioni del prezioso cannabinoide, sono disponibili miscele differenti con altri estratti dalle propriet\u00e0 benefiche particolari.<\/p>\n<p>\u00c8 noto che i cannabinoidi sono soggetti all\u2019effetto entourage: la combinazione di due o pi\u00f9 di essi porta alla loro armonizzazione e ne deriva un aumento degli effetti.<\/p>\n<p>Il Olio al CBG unisce le virt\u00f9 del CBD, presente con concentrazione al 2,5%, a quelle di un cannabinoide meno noto ma non per questo meno ricco di principi attivi utili al nostro organismo: il CBG.<\/p>\n<p>Quando il CBD e il CBG sono combinati insieme gli effetti si sostengono a vicenda, il CBD stimola gli enzimi che aiutano a produrre e regolare gli endocannabinoidi (cannabinoidi prodotti nel corpo umano) e il CBG agisce direttamente sui nostri recettori.<\/p>\n<p>La combinazione di CBD e CBG pu\u00f2 aiutare con molti problemi, ma \u00e8 generalmente riconosciuto che il CBD \u00e8 pi\u00f9 efficace per la disarmonia fisica\/corporea mentre il CBG \u00e8 pi\u00f9 efficace per la disarmonia mentale\/neurologica, quindi la loro combinazione potrebbe aiutare ad alleviare il dolore e la sensazione di tristezza.<\/p>\n<p>Nei nostri estratti purissimi non sono presenti conservanti artificiali, ma la presenza di olio MCT contrasta il naturale deperimento delle propriet\u00e0 benefiche della canapa. Consigliamo comunque di tenere il flacone in un ambiente fresco, al riparo dalla luce e da fonti di calore.<\/p>\n","protected":false},"featured_media":1614,"comment_status":"open","ping_status":"closed","template":"","meta":{"content-type":""},"product_brand":[],"product_cat":[36,22],"product_tag":[50,49,37,48],"class_list":{"0":"post-1622","1":"product","2":"type-product","3":"status-publish","4":"has-post-thumbnail","6":"product_cat-cbweed","7":"product_cat-olio-cbd","8":"product_tag-aceite-de-cbd","9":"product_tag-cbd-oil","10":"product_tag-cbweed","11":"product_tag-oilo-cbd","13":"first","14":"instock","15":"taxable","16":"shipping-taxable","17":"purchasable","18":"product-type-variable"},"yoast_head":"\n<title>CBG OIL - CBD 100% legale italia - NegozioCBD - TheWeedStore<\/title>\n<meta name=\"description\" content=\"La nostra linea di Oli aromatici al CBD \u00e8 pensata per rispondere alle esigenze di tutti. CBG Oil unisce le virt\u00f9 del CBD a quelle di un cannabinoide\" \/>\n<meta name=\"robots\" content=\"index, follow, max-snippet:-1, max-image-preview:large, max-video-preview:-1\" \/>\n<link rel=\"canonical\" href=\"https:\/\/negoziocbd.com\/?product=cbg-oil\" \/>\n<meta property=\"og:locale\" content=\"it_IT\" \/>\n<meta property=\"og:type\" content=\"article\" \/>\n<meta property=\"og:title\" content=\"theWeedStore i migliori cannabis legale shop in Italy\" \/>\n<meta property=\"og:description\" content=\"Condividi le migliori variet\u00e0 Infiorescenze di alta qualit\u00e0. Cannabis 100% Legale, dal profumo e dal gusto intenso e aromatico. acquista ora da theWeedStore.it\" \/>\n<meta property=\"og:url\" content=\"https:\/\/negoziocbd.com\/?product=cbg-oil\" \/>\n<meta property=\"og:site_name\" content=\"NegozioCBD - TheWeedStore\" \/>\n<meta property=\"article:modified_time\" content=\"2022-11-07T19:22:54+00:00\" \/>\n<meta property=\"og:image\" content=\"https:\/\/negoziocbd.com\/wp-content\/uploads\/2022\/09\/the-weed-store-social.jpg\" \/>\n\t<meta property=\"og:image:width\" content=\"800\" \/>\n\t<meta property=\"og:image:height\" content=\"620\" \/>\n\t<meta property=\"og:image:type\" content=\"image\/jpeg\" \/>\n<meta name=\"twitter:card\" content=\"summary_large_image\" \/>\n<meta name=\"twitter:title\" content=\"theWeedStore i migliori cannabis legale shop in Italy\" \/>\n<meta name=\"twitter:description\" content=\"Condividi le migliori variet\u00e0 Infiorescenze di alta qualit\u00e0. Cannabis 100% Legale, dal profumo e dal gusto intenso e aromatico. acquista ora da theWeedStore.it\" \/>\n<meta name=\"twitter:image\" content=\"https:\/\/negoziocbd.com\/wp-content\/uploads\/2022\/09\/the-weed-store-social.jpg\" \/>\n<meta name=\"twitter:site\" content=\"@Theweedstoreit\" \/>\n<meta name=\"twitter:label1\" content=\"Tempo di lettura stimato\" \/>\n\t<meta name=\"twitter:data1\" content=\"1 minuto\" \/>\n<script type=\"application\/ld+json\" class=\"yoast-schema-graph\">{\"@context\":\"https:\\\/\\\/schema.org\",\"@graph\":[{\"@type\":[\"WebPage\",\"ItemPage\"],\"@id\":\"https:\\\/\\\/negoziocbd.com\\\/?product=cbg-oil\",\"url\":\"https:\\\/\\\/negoziocbd.com\\\/?product=cbg-oil\",\"name\":\"CBG OIL - CBD 100% legale italia - NegozioCBD - TheWeedStore\",\"isPartOf\":{\"@id\":\"https:\\\/\\\/negoziocbd.com\\\/#website\"},\"primaryImageOfPage\":{\"@id\":\"https:\\\/\\\/negoziocbd.com\\\/?product=cbg-oil#primaryimage\"},\"image\":{\"@id\":\"https:\\\/\\\/negoziocbd.com\\\/?product=cbg-oil#primaryimage\"},\"thumbnailUrl\":\"https:\\\/\\\/negoziocbd.com\\\/wp-content\\\/uploads\\\/2022\\\/08\\\/low_CBW-CBD-olio-CBG.jpg\",\"datePublished\":\"2022-08-11T16:16:18+00:00\",\"dateModified\":\"2022-11-07T19:22:54+00:00\",\"description\":\"La nostra linea di Oli aromatici al CBD \u00e8 pensata per rispondere alle esigenze di tutti. CBG Oil unisce le virt\u00f9 del CBD a quelle di un cannabinoide\",\"breadcrumb\":{\"@id\":\"https:\\\/\\\/negoziocbd.com\\\/?product=cbg-oil#breadcrumb\"},\"inLanguage\":\"it-IT\",\"potentialAction\":[{\"@type\":\"ReadAction\",\"target\":[\"https:\\\/\\\/negoziocbd.com\\\/?product=cbg-oil\"]}]},{\"@type\":\"ImageObject\",\"inLanguage\":\"it-IT\",\"@id\":\"https:\\\/\\\/negoziocbd.com\\\/?product=cbg-oil#primaryimage\",\"url\":\"https:\\\/\\\/negoziocbd.com\\\/wp-content\\\/uploads\\\/2022\\\/08\\\/low_CBW-CBD-olio-CBG.jpg\",\"contentUrl\":\"https:\\\/\\\/negoziocbd.com\\\/wp-content\\\/uploads\\\/2022\\\/08\\\/low_CBW-CBD-olio-CBG.jpg\",\"width\":1500,\"height\":1500,\"caption\":\"CBG Oil legale\"},{\"@type\":\"BreadcrumbList\",\"@id\":\"https:\\\/\\\/negoziocbd.com\\\/?product=cbg-oil#breadcrumb\",\"itemListElement\":[{\"@type\":\"ListItem\",\"position\":1,\"name\":\"Home\",\"item\":\"https:\\\/\\\/negoziocbd.com\\\/\"},{\"@type\":\"ListItem\",\"position\":2,\"name\":\"Negozio\",\"item\":\"https:\\\/\\\/negoziocbd.com\\\/?page_id=1428\"},{\"@type\":\"ListItem\",\"position\":3,\"name\":\"CBG OIL\"}]},{\"@type\":\"WebSite\",\"@id\":\"https:\\\/\\\/negoziocbd.com\\\/#website\",\"url\":\"https:\\\/\\\/negoziocbd.com\\\/\",\"name\":\"NegozioCBD - TheWeedStore\",\"description\":\"La Pi&ugrave; Grande Variet&agrave; di Canapa CBD in Italia\",\"publisher\":{\"@id\":\"https:\\\/\\\/negoziocbd.com\\\/#organization\"},\"potentialAction\":[{\"@type\":\"SearchAction\",\"target\":{\"@type\":\"EntryPoint\",\"urlTemplate\":\"https:\\\/\\\/negoziocbd.com\\\/?s={search_term_string}\"},\"query-input\":{\"@type\":\"PropertyValueSpecification\",\"valueRequired\":true,\"valueName\":\"search_term_string\"}}],\"inLanguage\":\"it-IT\"},{\"@type\":\"Organization\",\"@id\":\"https:\\\/\\\/negoziocbd.com\\\/#organization\",\"name\":\"The Weed Store .it\",\"url\":\"https:\\\/\\\/negoziocbd.com\\\/\",\"logo\":{\"@type\":\"ImageObject\",\"inLanguage\":\"it-IT\",\"@id\":\"https:\\\/\\\/negoziocbd.com\\\/#\\\/schema\\\/logo\\\/image\\\/\",\"url\":\"https:\\\/\\\/negoziocbd.com\\\/wp-content\\\/uploads\\\/2022\\\/03\\\/Logo-MyWeedStorex2-1.png\",\"contentUrl\":\"https:\\\/\\\/negoziocbd.com\\\/wp-content\\\/uploads\\\/2022\\\/03\\\/Logo-MyWeedStorex2-1.png\",\"width\":200,\"height\":100,\"caption\":\"The Weed Store .it\"},\"image\":{\"@id\":\"https:\\\/\\\/negoziocbd.com\\\/#\\\/schema\\\/logo\\\/image\\\/\"},\"sameAs\":[\"https:\\\/\\\/x.com\\\/Theweedstoreit\",\"https:\\\/\\\/www.linkedin.com\\\/in\\\/team-theweedstore-497732255\\\/\"]}]}<\/script>\n","yoast_head_json":{"title":"CBG OIL - CBD 100% legale italia - NegozioCBD - TheWeedStore","description":"La nostra linea di Oli aromatici al CBD \u00e8 pensata per rispondere alle esigenze di tutti. CBG Oil unisce le virt\u00f9 del CBD a quelle di un cannabinoide","robots":{"index":"index","follow":"follow","max-snippet":"max-snippet:-1","max-image-preview":"max-image-preview:large","max-video-preview":"max-video-preview:-1"},"canonical":"https:\/\/negoziocbd.com\/?product=cbg-oil","og_locale":"it_IT","og_type":"article","og_title":"theWeedStore i migliori cannabis legale shop in Italy","og_description":"Condividi le migliori variet\u00e0 Infiorescenze di alta qualit\u00e0. Cannabis 100% Legale, dal profumo e dal gusto intenso e aromatico. acquista ora da theWeedStore.it","og_url":"https:\/\/negoziocbd.com\/?product=cbg-oil","og_site_name":"NegozioCBD - TheWeedStore","article_modified_time":"2022-11-07T19:22:54+00:00","og_image":[{"width":800,"height":620,"url":"https:\/\/negoziocbd.com\/wp-content\/uploads\/2022\/09\/the-weed-store-social.jpg","type":"image\/jpeg"}],"twitter_card":"summary_large_image","twitter_title":"theWeedStore i migliori cannabis legale shop in Italy","twitter_description":"Condividi le migliori variet\u00e0 Infiorescenze di alta qualit\u00e0. Cannabis 100% Legale, dal profumo e dal gusto intenso e aromatico. acquista ora da theWeedStore.it","twitter_image":"https:\/\/negoziocbd.com\/wp-content\/uploads\/2022\/09\/the-weed-store-social.jpg","twitter_site":"@Theweedstoreit","twitter_misc":{"Tempo di lettura stimato":"1 minuto"},"schema":{"@context":"https:\/\/schema.org","@graph":[{"@type":["WebPage","ItemPage"],"@id":"https:\/\/negoziocbd.com\/?product=cbg-oil","url":"https:\/\/negoziocbd.com\/?product=cbg-oil","name":"CBG OIL - CBD 100% legale italia - NegozioCBD - TheWeedStore","isPartOf":{"@id":"https:\/\/negoziocbd.com\/#website"},"primaryImageOfPage":{"@id":"https:\/\/negoziocbd.com\/?product=cbg-oil#primaryimage"},"image":{"@id":"https:\/\/negoziocbd.com\/?product=cbg-oil#primaryimage"},"thumbnailUrl":"https:\/\/negoziocbd.com\/wp-content\/uploads\/2022\/08\/low_CBW-CBD-olio-CBG.jpg","datePublished":"2022-08-11T16:16:18+00:00","dateModified":"2022-11-07T19:22:54+00:00","description":"La nostra linea di Oli aromatici al CBD \u00e8 pensata per rispondere alle esigenze di tutti. CBG Oil unisce le virt\u00f9 del CBD a quelle di un cannabinoide","breadcrumb":{"@id":"https:\/\/negoziocbd.com\/?product=cbg-oil#breadcrumb"},"inLanguage":"it-IT","potentialAction":[{"@type":"ReadAction","target":["https:\/\/negoziocbd.com\/?product=cbg-oil"]}]},{"@type":"ImageObject","inLanguage":"it-IT","@id":"https:\/\/negoziocbd.com\/?product=cbg-oil#primaryimage","url":"https:\/\/negoziocbd.com\/wp-content\/uploads\/2022\/08\/low_CBW-CBD-olio-CBG.jpg","contentUrl":"https:\/\/negoziocbd.com\/wp-content\/uploads\/2022\/08\/low_CBW-CBD-olio-CBG.jpg","width":1500,"height":1500,"caption":"CBG Oil legale"},{"@type":"BreadcrumbList","@id":"https:\/\/negoziocbd.com\/?product=cbg-oil#breadcrumb","itemListElement":[{"@type":"ListItem","position":1,"name":"Home","item":"https:\/\/negoziocbd.com\/"},{"@type":"ListItem","position":2,"name":"Negozio","item":"https:\/\/negoziocbd.com\/?page_id=1428"},{"@type":"ListItem","position":3,"name":"CBG OIL"}]},{"@type":"WebSite","@id":"https:\/\/negoziocbd.com\/#website","url":"https:\/\/negoziocbd.com\/","name":"NegozioCBD - TheWeedStore","description":"La Pi&ugrave; Grande Variet&agrave; di Canapa CBD in Italia","publisher":{"@id":"https:\/\/negoziocbd.com\/#organization"},"potentialAction":[{"@type":"SearchAction","target":{"@type":"EntryPoint","urlTemplate":"https:\/\/negoziocbd.com\/?s={search_term_string}"},"query-input":{"@type":"PropertyValueSpecification","valueRequired":true,"valueName":"search_term_string"}}],"inLanguage":"it-IT"},{"@type":"Organization","@id":"https:\/\/negoziocbd.com\/#organization","name":"The Weed Store .it","url":"https:\/\/negoziocbd.com\/","logo":{"@type":"ImageObject","inLanguage":"it-IT","@id":"https:\/\/negoziocbd.com\/#\/schema\/logo\/image\/","url":"https:\/\/negoziocbd.com\/wp-content\/uploads\/2022\/03\/Logo-MyWeedStorex2-1.png","contentUrl":"https:\/\/negoziocbd.com\/wp-content\/uploads\/2022\/03\/Logo-MyWeedStorex2-1.png","width":200,"height":100,"caption":"The Weed Store .it"},"image":{"@id":"https:\/\/negoziocbd.com\/#\/schema\/logo\/image\/"},"sameAs":["https:\/\/x.com\/Theweedstoreit","https:\/\/www.linkedin.com\/in\/team-theweedstore-497732255\/"]}]}},"_links":{"self":[{"href":"https:\/\/negoziocbd.com\/index.php?rest_route=\/wp\/v2\/product\/1622","targetHints":{"allow":["GET"]}}],"collection":[{"href":"https:\/\/negoziocbd.com\/index.php?rest_route=\/wp\/v2\/product"}],"about":[{"href":"https:\/\/negoziocbd.com\/index.php?rest_route=\/wp\/v2\/types\/product"}],"replies":[{"embeddable":true,"href":"https:\/\/negoziocbd.com\/index.php?rest_route=%2Fwp%2Fv2%2Fcomments&post=1622"}],"wp:featuredmedia":[{"embeddable":true,"href":"https:\/\/negoziocbd.com\/index.php?rest_route=\/wp\/v2\/media\/1614"}],"wp:attachment":[{"href":"https:\/\/negoziocbd.com\/index.php?rest_route=%2Fwp%2Fv2%2Fmedia&parent=1622"}],"wp:term":[{"taxonomy":"product_brand","embeddable":true,"href":"https:\/\/negoziocbd.com\/index.php?rest_route=%2Fwp%2Fv2%2Fproduct_brand&post=1622"},{"taxonomy":"product_cat","embeddable":true,"href":"https:\/\/negoziocbd.com\/index.php?rest_route=%2Fwp%2Fv2%2Fproduct_cat&post=1622"},{"taxonomy":"product_tag","embeddable":true,"href":"https:\/\/negoziocbd.com\/index.php?rest_route=%2Fwp%2Fv2%2Fproduct_tag&post=1622"}],"curies":[{"name":"wp","href":"https:\/\/api.w.org\/{rel}","templated":true}]}}